{"id":2225,"date":"2017-10-11T12:24:06","date_gmt":"2017-10-11T10:24:06","guid":{"rendered":"https:\/\/www.schokopro.com\/live\/"},"modified":"2025-07-02T14:51:36","modified_gmt":"2025-07-02T12:51:36","slug":"live","status":"publish","type":"page","link":"https:\/\/www.schokopro.com\/en\/live\/","title":{"rendered":"Live"},"content":{"rendered":"","protected":false},"excerpt":{"rendered":"","protected":false},"author":8,"featured_media":0,"parent":0,"menu_order":3,"comment_status":"closed","ping_status":"closed","template":"","meta":{"_acf_changed":false,"footnotes":""},"class_list":["post-2225","page","type-page","status-publish","hentry"],"acf":[],"yoast_head":"<!-- This site is optimized with the Yoast SEO plugin v26.9 - https:\/\/yoast.com\/product\/yoast-seo-wordpress\/ -->\n<title>Projekte von Messe bis Corporate Events - schoko pro<\/title>\n<meta name=\"description\" content=\"Messest\u00e4nde f\u00fcr DAX-30 Automobiler, Corporate Events f\u00fcr Pharma-Konzerne, Technisches Management f\u00fcr hochwertigste Locations oder die Live Tournee der angesagten Stars. Unsere Referenzen sprechen f\u00fcr sich. Und f\u00fcr den Erfolg unserer Kunden.\" \/>\n<meta name=\"robots\" content=\"index, follow, max-snippet:-1, max-image-preview:large, max-video-preview:-1\" \/>\n<link rel=\"canonical\" href=\"https:\/\/www.schokopro.com\/en\/live\/\" \/>\n<meta property=\"og:locale\" content=\"en_US\" \/>\n<meta property=\"og:type\" content=\"article\" \/>\n<meta property=\"og:title\" content=\"Projekte von Messe bis Corporate Events - schoko pro\" \/>\n<meta property=\"og:description\" content=\"Messest\u00e4nde f\u00fcr DAX-30 Automobiler, Corporate Events f\u00fcr Pharma-Konzerne, Technisches Management f\u00fcr hochwertigste Locations oder die Live Tournee der angesagten Stars. Unsere Referenzen sprechen f\u00fcr sich. Und f\u00fcr den Erfolg unserer Kunden.\" \/>\n<meta property=\"og:url\" content=\"https:\/\/www.schokopro.com\/en\/live\/\" \/>\n<meta property=\"og:site_name\" content=\"schoko pro\" \/>\n<meta property=\"article:modified_time\" content=\"2025-07-02T12:51:36+00:00\" \/>\n<meta name=\"twitter:card\" content=\"summary_large_image\" \/>\n<meta name=\"twitter:label1\" content=\"Est. reading time\" \/>\n\t<meta name=\"twitter:data1\" content=\"2 minutes\" \/>\n<script type=\"application\/ld+json\" class=\"yoast-schema-graph\">{\"@context\":\"https:\/\/schema.org\",\"@graph\":[{\"@type\":\"WebPage\",\"@id\":\"https:\/\/www.schokopro.com\/en\/live\/\",\"url\":\"https:\/\/www.schokopro.com\/en\/live\/\",\"name\":\"Projekte von Messe bis Corporate Events - schoko pro\",\"isPartOf\":{\"@id\":\"https:\/\/www.schokopro.com\/#website\"},\"datePublished\":\"2017-10-11T10:24:06+00:00\",\"dateModified\":\"2025-07-02T12:51:36+00:00\",\"description\":\"Messest\u00e4nde f\u00fcr DAX-30 Automobiler, Corporate Events f\u00fcr Pharma-Konzerne, Technisches Management f\u00fcr hochwertigste Locations oder die Live Tournee der angesagten Stars. Unsere Referenzen sprechen f\u00fcr sich. Und f\u00fcr den Erfolg unserer Kunden.\",\"breadcrumb\":{\"@id\":\"https:\/\/www.schokopro.com\/en\/live\/#breadcrumb\"},\"inLanguage\":\"en-US\",\"potentialAction\":[{\"@type\":\"ReadAction\",\"target\":[\"https:\/\/www.schokopro.com\/en\/live\/\"]}]},{\"@type\":\"BreadcrumbList\",\"@id\":\"https:\/\/www.schokopro.com\/en\/live\/#breadcrumb\",\"itemListElement\":[{\"@type\":\"ListItem\",\"position\":1,\"name\":\"Startseite\",\"item\":\"https:\/\/www.schokopro.com\/en\/\"},{\"@type\":\"ListItem\",\"position\":2,\"name\":\"Live\"}]},{\"@type\":\"WebSite\",\"@id\":\"https:\/\/www.schokopro.com\/#website\",\"url\":\"https:\/\/www.schokopro.com\/\",\"name\":\"schoko pro\",\"description\":\"Live Events in High End Quality\",\"publisher\":{\"@id\":\"https:\/\/www.schokopro.com\/#organization\"},\"potentialAction\":[{\"@type\":\"SearchAction\",\"target\":{\"@type\":\"EntryPoint\",\"urlTemplate\":\"https:\/\/www.schokopro.com\/?s={search_term_string}\"},\"query-input\":{\"@type\":\"PropertyValueSpecification\",\"valueRequired\":true,\"valueName\":\"search_term_string\"}}],\"inLanguage\":\"en-US\"},{\"@type\":\"Organization\",\"@id\":\"https:\/\/www.schokopro.com\/#organization\",\"name\":\"schoko pro GmbH\",\"url\":\"https:\/\/www.schokopro.com\/\",\"logo\":{\"@type\":\"ImageObject\",\"inLanguage\":\"en-US\",\"@id\":\"https:\/\/www.schokopro.com\/#\/schema\/logo\/image\/\",\"url\":\"https:\/\/www.schokopro.com\/wp-content\/uploads\/2018\/01\/sp_Logo_Auge-e1520858986541.png\",\"contentUrl\":\"https:\/\/www.schokopro.com\/wp-content\/uploads\/2018\/01\/sp_Logo_Auge-e1520858986541.png\",\"width\":100,\"height\":100,\"caption\":\"schoko pro GmbH\"},\"image\":{\"@id\":\"https:\/\/www.schokopro.com\/#\/schema\/logo\/image\/\"}}]}<\/script>\n<!-- \/ Yoast SEO plugin. -->","yoast_head_json":{"title":"Projekte von Messe bis Corporate Events - schoko pro","description":"Messest\u00e4nde f\u00fcr DAX-30 Automobiler, Corporate Events f\u00fcr Pharma-Konzerne, Technisches Management f\u00fcr hochwertigste Locations oder die Live Tournee der angesagten Stars. Unsere Referenzen sprechen f\u00fcr sich. Und f\u00fcr den Erfolg unserer Kunden.","robots":{"index":"index","follow":"follow","max-snippet":"max-snippet:-1","max-image-preview":"max-image-preview:large","max-video-preview":"max-video-preview:-1"},"canonical":"https:\/\/www.schokopro.com\/en\/live\/","og_locale":"en_US","og_type":"article","og_title":"Projekte von Messe bis Corporate Events - schoko pro","og_description":"Messest\u00e4nde f\u00fcr DAX-30 Automobiler, Corporate Events f\u00fcr Pharma-Konzerne, Technisches Management f\u00fcr hochwertigste Locations oder die Live Tournee der angesagten Stars. Unsere Referenzen sprechen f\u00fcr sich. Und f\u00fcr den Erfolg unserer Kunden.","og_url":"https:\/\/www.schokopro.com\/en\/live\/","og_site_name":"schoko pro","article_modified_time":"2025-07-02T12:51:36+00:00","twitter_card":"summary_large_image","twitter_misc":{"Est. reading time":"2 minutes"},"schema":{"@context":"https:\/\/schema.org","@graph":[{"@type":"WebPage","@id":"https:\/\/www.schokopro.com\/en\/live\/","url":"https:\/\/www.schokopro.com\/en\/live\/","name":"Projekte von Messe bis Corporate Events - schoko pro","isPartOf":{"@id":"https:\/\/www.schokopro.com\/#website"},"datePublished":"2017-10-11T10:24:06+00:00","dateModified":"2025-07-02T12:51:36+00:00","description":"Messest\u00e4nde f\u00fcr DAX-30 Automobiler, Corporate Events f\u00fcr Pharma-Konzerne, Technisches Management f\u00fcr hochwertigste Locations oder die Live Tournee der angesagten Stars. Unsere Referenzen sprechen f\u00fcr sich. Und f\u00fcr den Erfolg unserer Kunden.","breadcrumb":{"@id":"https:\/\/www.schokopro.com\/en\/live\/#breadcrumb"},"inLanguage":"en-US","potentialAction":[{"@type":"ReadAction","target":["https:\/\/www.schokopro.com\/en\/live\/"]}]},{"@type":"BreadcrumbList","@id":"https:\/\/www.schokopro.com\/en\/live\/#breadcrumb","itemListElement":[{"@type":"ListItem","position":1,"name":"Startseite","item":"https:\/\/www.schokopro.com\/en\/"},{"@type":"ListItem","position":2,"name":"Live"}]},{"@type":"WebSite","@id":"https:\/\/www.schokopro.com\/#website","url":"https:\/\/www.schokopro.com\/","name":"schoko pro","description":"Live Events in High End Quality","publisher":{"@id":"https:\/\/www.schokopro.com\/#organization"},"potentialAction":[{"@type":"SearchAction","target":{"@type":"EntryPoint","urlTemplate":"https:\/\/www.schokopro.com\/?s={search_term_string}"},"query-input":{"@type":"PropertyValueSpecification","valueRequired":true,"valueName":"search_term_string"}}],"inLanguage":"en-US"},{"@type":"Organization","@id":"https:\/\/www.schokopro.com\/#organization","name":"schoko pro GmbH","url":"https:\/\/www.schokopro.com\/","logo":{"@type":"ImageObject","inLanguage":"en-US","@id":"https:\/\/www.schokopro.com\/#\/schema\/logo\/image\/","url":"https:\/\/www.schokopro.com\/wp-content\/uploads\/2018\/01\/sp_Logo_Auge-e1520858986541.png","contentUrl":"https:\/\/www.schokopro.com\/wp-content\/uploads\/2018\/01\/sp_Logo_Auge-e1520858986541.png","width":100,"height":100,"caption":"schoko pro GmbH"},"image":{"@id":"https:\/\/www.schokopro.com\/#\/schema\/logo\/image\/"}}]}},"_links":{"self":[{"href":"https:\/\/www.schokopro.com\/en\/wp-json\/wp\/v2\/pages\/2225","targetHints":{"allow":["GET"]}}],"collection":[{"href":"https:\/\/www.schokopro.com\/en\/wp-json\/wp\/v2\/pages"}],"about":[{"href":"https:\/\/www.schokopro.com\/en\/wp-json\/wp\/v2\/types\/page"}],"author":[{"embeddable":true,"href":"https:\/\/www.schokopro.com\/en\/wp-json\/wp\/v2\/users\/8"}],"replies":[{"embeddable":true,"href":"https:\/\/www.schokopro.com\/en\/wp-json\/wp\/v2\/comments?post=2225"}],"version-history":[{"count":80,"href":"https:\/\/www.schokopro.com\/en\/wp-json\/wp\/v2\/pages\/2225\/revisions"}],"predecessor-version":[{"id":7484,"href":"https:\/\/www.schokopro.com\/en\/wp-json\/wp\/v2\/pages\/2225\/revisions\/7484"}],"wp:attachment":[{"href":"https:\/\/www.schokopro.com\/en\/wp-json\/wp\/v2\/media?parent=2225"}],"curies":[{"name":"wp","href":"https:\/\/api.w.org\/{rel}","templated":true}]}}